{"id":3085,"date":"2022-01-20T10:17:52","date_gmt":"2022-01-20T16:17:52","guid":{"rendered":"https:\/\/elcubocenter.com\/?page_id=3085"},"modified":"2026-04-01T10:58:17","modified_gmt":"2026-04-01T16:58:17","slug":"eventos-mes","status":"publish","type":"page","link":"https:\/\/elcubocenter.com\/en\/eventos-mes\/","title":{"rendered":"Actividades"},"content":{"rendered":"<div data-elementor-type=\"wp-page\" data-elementor-id=\"3085\" class=\"elementor elementor-3085\" data-elementor-settings=\"[]\">\n\t\t\t\t\t\t\t<div class=\"elementor-section-wrap\">\n\t\t\t\t\t\t\t<section class=\"elementor-section elementor-top-section elementor-element elementor-element-5c2d057 elementor-section-boxed elementor-section-height-default elementor-section-height-default\" data-id=\"5c2d057\" data-element_type=\"section\">\n\t\t\t\t\t\t<div class=\"elementor-container elementor-column-gap-default\">\n\t\t\t\t\t<div class=\"elementor-column elementor-col-100 elementor-top-column elementor-element elementor-element-35aa921\" data-id=\"35aa921\" data-element_type=\"column\">\n\t\t\t<div class=\"elementor-widget-wrap elementor-element-populated\">\n\t\t\t\t\t\t\t\t<div class=\"elementor-element elementor-element-83efc9d elementor-invisible elementor-widget elementor-widget-heading\" data-id=\"83efc9d\" data-element_type=\"widget\" data-settings=\"{&quot;_animation&quot;:&quot;fadeInUp&quot;}\" data-widget_type=\"heading.default\">\n\t\t\t\t<div class=\"elementor-widget-container\">\n\t\t\t<style>\/*! elementor - v3.4.2 - 19-08-2021 *\/\n.elementor-heading-title{padding:0;margin:0;line-height:1}.elementor-widget-heading .elementor-heading-title[class*=elementor-size-]&gt;a{color:inherit;font-size:inherit;line-height:inherit}.elementor-widget-heading .elementor-heading-title.elementor-size-small{font-size:15px}.elementor-widget-heading .elementor-heading-title.elementor-size-medium{font-size:19px}.elementor-widget-heading .elementor-heading-title.elementor-size-large{font-size:29px}.elementor-widget-heading .elementor-heading-title.elementor-size-xl{font-size:39px}.elementor-widget-heading .elementor-heading-title.elementor-size-xxl{font-size:59px}<\/style><h2 class=\"elementor-heading-title elementor-size-default\">Actividades abril<\/h2>\t\t<\/div>\n\t\t\t\t<\/div>\n\t\t\t\t\t<\/div>\n\t\t<\/div>\n\t\t\t\t\t\t\t<\/div>\n\t\t<\/section>\n\t\t\t\t<section class=\"elementor-section elementor-top-section elementor-element elementor-element-6b487a5 elementor-section-boxed elementor-section-height-default elementor-section-height-default\" data-id=\"6b487a5\" data-element_type=\"section\">\n\t\t\t\t\t\t<div class=\"elementor-container elementor-column-gap-default\">\n\t\t\t\t\t<div class=\"elementor-column elementor-col-100 elementor-top-column elementor-element elementor-element-1cbe53a\" data-id=\"1cbe53a\" data-element_type=\"column\">\n\t\t\t<div class=\"elementor-widget-wrap\">\n\t\t\t\t\t\t\t\t\t<\/div>\n\t\t<\/div>\n\t\t\t\t\t\t\t<\/div>\n\t\t<\/section>\n\t\t\t\t<section class=\"elementor-section elementor-top-section elementor-element elementor-element-bdbfb67 elementor-section-boxed elementor-section-height-default elementor-section-height-default\" data-id=\"bdbfb67\" data-element_type=\"section\">\n\t\t\t\t\t\t<div class=\"elementor-container elementor-column-gap-default\">\n\t\t\t\t\t<div class=\"elementor-column elementor-col-50 elementor-top-column elementor-element elementor-element-bd32f20\" data-id=\"bd32f20\" data-element_type=\"column\">\n\t\t\t<div class=\"elementor-widget-wrap elementor-element-populated\">\n\t\t\t\t\t\t\t\t<div class=\"elementor-element elementor-element-6d05279 elementor-widget elementor-widget-heading\" data-id=\"6d05279\" data-element_type=\"widget\" data-widget_type=\"heading.default\">\n\t\t\t\t<div class=\"elementor-widget-container\">\n\t\t\t<h2 class=\"elementor-heading-title elementor-size-default\">Humanhood: Sync<\/h2>\t\t<\/div>\n\t\t\t\t<\/div>\n\t\t\t\t<div class=\"elementor-element elementor-element-64bd076 elementor-widget elementor-widget-heading\" data-id=\"64bd076\" data-element_type=\"widget\" data-widget_type=\"heading.default\">\n\t\t\t\t<div class=\"elementor-widget-container\">\n\t\t\t<h3 class=\"elementor-heading-title elementor-size-default\">CLASE<\/h3>\t\t<\/div>\n\t\t\t\t<\/div>\n\t\t\t\t<div class=\"elementor-element elementor-element-768046f elementor-widget elementor-widget-text-editor\" data-id=\"768046f\" data-element_type=\"widget\" data-widget_type=\"text-editor.default\">\n\t\t\t\t<div class=\"elementor-widget-container\">\n\t\t\t<style>\/*! elementor - v3.4.2 - 19-08-2021 *\/\n.elementor-widget-text-editor.elementor-drop-cap-view-stacked .elementor-drop-cap{background-color:#818a91;color:#fff}.elementor-widget-text-editor.elementor-drop-cap-view-framed .elementor-drop-cap{color:#818a91;border:3px solid;background-color:transparent}.elementor-widget-text-editor:not(.elementor-drop-cap-view-default) .elementor-drop-cap{margin-top:8px}.elementor-widget-text-editor:not(.elementor-drop-cap-view-default) .elementor-drop-cap-letter{width:1em;height:1em}.elementor-widget-text-editor .elementor-drop-cap{float:left;text-align:center;line-height:1;font-size:50px}.elementor-widget-text-editor .elementor-drop-cap-letter{display:inline-block}<\/style>\t\t\t\t<p>Experience HUMANHOOD for the first time in Guatemala, an immersive movement practice designed to access connection with body, breath, flow and ease. Created for all bodies and backgrounds. A space for discovery and movement for life.<\/p>\t\t\t\t\t\t<\/div>\n\t\t\t\t<\/div>\n\t\t\t\t<div class=\"elementor-element elementor-element-a52c3d6 elementor-widget elementor-widget-text-editor\" data-id=\"a52c3d6\" data-element_type=\"widget\" data-widget_type=\"text-editor.default\">\n\t\t\t\t<div class=\"elementor-widget-container\">\n\t\t\t\t\t\t\t<p><strong data-start=\"0\" data-end=\"9\" data-is-only-node=\"\">Date:<\/strong> Wednesday April 8<br data-start=\"21\" data-end=\"24\" \/><strong data-start=\"24\" data-end=\"33\">Time:<\/strong> 17:15 \u2013 18:30 Hrs.<br data-start=\"48\" data-end=\"51\" \/><strong data-start=\"51\" data-end=\"64\">Location:<\/strong> El Cubo Center<br data-start=\"79\" data-end=\"82\" \/><strong data-start=\"82\" data-end=\"104\">Open to the public<\/strong><br data-start=\"104\" data-end=\"107\" \/><strong data-start=\"107\" data-end=\"115\">Fee:<\/strong> Q60 per person<br \/><b>Place:<\/b> El Cubo Center<\/p>\t\t\t\t\t\t<\/div>\n\t\t\t\t<\/div>\n\t\t\t\t\t<\/div>\n\t\t<\/div>\n\t\t\t\t<div class=\"elementor-column elementor-col-50 elementor-top-column elementor-element elementor-element-b2cdcbc\" data-id=\"b2cdcbc\" data-element_type=\"column\">\n\t\t\t<div class=\"elementor-widget-wrap elementor-element-populated\">\n\t\t\t\t\t\t\t\t<div class=\"elementor-element elementor-element-f59c26c elementor-widget elementor-widget-image\" data-id=\"f59c26c\" data-element_type=\"widget\" data-widget_type=\"image.default\">\n\t\t\t\t<div class=\"elementor-widget-container\">\n\t\t\t<style>\/*! elementor - v3.4.2 - 19-08-2021 *\/\n.elementor-widget-image{text-align:center}.elementor-widget-image a{display:inline-block}.elementor-widget-image a img[src$=\".svg\"]{width:48px}.elementor-widget-image img{vertical-align:middle;display:inline-block}<\/style>\t\t\t\t\t\t\t\t\t\t\t\t<img loading=\"lazy\" decoding=\"async\" width=\"791\" height=\"925\" src=\"https:\/\/elcubocenter.com\/wp-content\/uploads\/2026\/04\/Agenda-abril-web-01.png\" class=\"attachment-full size-full\" alt=\"\" \/>\t\t\t\t\t\t\t\t\t\t\t\t\t\t\t<\/div>\n\t\t\t\t<\/div>\n\t\t\t\t\t<\/div>\n\t\t<\/div>\n\t\t\t\t\t\t\t<\/div>\n\t\t<\/section>\n\t\t\t\t<section class=\"elementor-section elementor-top-section elementor-element elementor-element-055d073 elementor-section-boxed elementor-section-height-default elementor-section-height-default\" data-id=\"055d073\" data-element_type=\"section\">\n\t\t\t\t\t\t<div class=\"elementor-container elementor-column-gap-default\">\n\t\t\t\t\t<div class=\"elementor-column elementor-col-100 elementor-top-column elementor-element elementor-element-7c64f52\" data-id=\"7c64f52\" data-element_type=\"column\">\n\t\t\t<div class=\"elementor-widget-wrap\">\n\t\t\t\t\t\t\t\t\t<\/div>\n\t\t<\/div>\n\t\t\t\t\t\t\t<\/div>\n\t\t<\/section>\n\t\t\t\t<section class=\"elementor-section elementor-top-section elementor-element elementor-element-5c417e4 elementor-section-boxed elementor-section-height-default elementor-section-height-default\" data-id=\"5c417e4\" data-element_type=\"section\">\n\t\t\t\t\t\t<div class=\"elementor-container elementor-column-gap-default\">\n\t\t\t\t\t<div class=\"elementor-column elementor-col-50 elementor-top-column elementor-element elementor-element-254fc04\" data-id=\"254fc04\" data-element_type=\"column\">\n\t\t\t<div class=\"elementor-widget-wrap elementor-element-populated\">\n\t\t\t\t\t\t\t\t<div class=\"elementor-element elementor-element-13689ec elementor-widget elementor-widget-heading\" data-id=\"13689ec\" data-element_type=\"widget\" data-widget_type=\"heading.default\">\n\t\t\t\t<div class=\"elementor-widget-container\">\n\t\t\t<h2 class=\"elementor-heading-title elementor-size-default\">Estructuraci\u00f3n de deuda\ninteligente<\/h2>\t\t<\/div>\n\t\t\t\t<\/div>\n\t\t\t\t<div class=\"elementor-element elementor-element-e9e2b80 elementor-widget elementor-widget-heading\" data-id=\"e9e2b80\" data-element_type=\"widget\" data-widget_type=\"heading.default\">\n\t\t\t\t<div class=\"elementor-widget-container\">\n\t\t\t<h3 class=\"elementor-heading-title elementor-size-default\">TALLER VIRTUAL<\/h3>\t\t<\/div>\n\t\t\t\t<\/div>\n\t\t\t\t<div class=\"elementor-element elementor-element-7532553 elementor-widget elementor-widget-text-editor\" data-id=\"7532553\" data-element_type=\"widget\" data-widget_type=\"text-editor.default\">\n\t\t\t\t<div class=\"elementor-widget-container\">\n\t\t\t\t\t\t\t<p>Descubre c\u00f3mo utilizar el financiamiento como una herramienta estrat\u00e9gica para crecer de forma sostenible. En esta oportunidad podr\u00e1s aprender de la experiencia de Julia Valle en planificaci\u00f3n estrat\u00e9gica y decisiones financieras. \u00a1Inscr\u00edbete hoy!<\/p>\t\t\t\t\t\t<\/div>\n\t\t\t\t<\/div>\n\t\t\t\t<div class=\"elementor-element elementor-element-ff81e1c elementor-widget elementor-widget-text-editor\" data-id=\"ff81e1c\" data-element_type=\"widget\" data-widget_type=\"text-editor.default\">\n\t\t\t\t<div class=\"elementor-widget-container\">\n\t\t\t\t\t\t\t<p><strong data-start=\"0\" data-end=\"9\" data-is-only-node=\"\">Fecha:<\/strong> Jueves 16 de abril<br data-start=\"21\" data-end=\"24\" \/><strong data-start=\"24\" data-end=\"33\">Hora:<\/strong> 16:00 Hrs.<br data-start=\"48\" data-end=\"51\" \/><strong data-start=\"82\" data-end=\"104\">Abierto al p\u00fablico<\/strong><br data-start=\"104\" data-end=\"107\" \/><b>Entrada gratuita<br \/>En l\u00ednea<\/b><\/p>\t\t\t\t\t\t<\/div>\n\t\t\t\t<\/div>\n\t\t\t\t\t<\/div>\n\t\t<\/div>\n\t\t\t\t<div class=\"elementor-column elementor-col-50 elementor-top-column elementor-element elementor-element-f91ea12\" data-id=\"f91ea12\" data-element_type=\"column\">\n\t\t\t<div class=\"elementor-widget-wrap elementor-element-populated\">\n\t\t\t\t\t\t\t\t<div class=\"elementor-element elementor-element-85dfc4f elementor-widget elementor-widget-image\" data-id=\"85dfc4f\" data-element_type=\"widget\" data-widget_type=\"image.default\">\n\t\t\t\t<div class=\"elementor-widget-container\">\n\t\t\t\t\t\t\t\t\t\t\t\t\t\t\t<img loading=\"lazy\" decoding=\"async\" width=\"791\" height=\"925\" src=\"https:\/\/elcubocenter.com\/wp-content\/uploads\/2026\/04\/Agenda-abril-web-02.png\" class=\"attachment-large size-large\" alt=\"\" \/>\t\t\t\t\t\t\t\t\t\t\t\t\t\t\t<\/div>\n\t\t\t\t<\/div>\n\t\t\t\t\t<\/div>\n\t\t<\/div>\n\t\t\t\t\t\t\t<\/div>\n\t\t<\/section>\n\t\t\t\t<section class=\"elementor-section elementor-top-section elementor-element elementor-element-305f93d elementor-section-boxed elementor-section-height-default elementor-section-height-default\" data-id=\"305f93d\" data-element_type=\"section\">\n\t\t\t\t\t\t<div class=\"elementor-container elementor-column-gap-default\">\n\t\t\t\t\t<div class=\"elementor-column elementor-col-100 elementor-top-column elementor-element elementor-element-aea6ec2\" data-id=\"aea6ec2\" data-element_type=\"column\">\n\t\t\t<div class=\"elementor-widget-wrap\">\n\t\t\t\t\t\t\t\t\t<\/div>\n\t\t<\/div>\n\t\t\t\t\t\t\t<\/div>\n\t\t<\/section>\n\t\t\t\t<section class=\"elementor-section elementor-top-section elementor-element elementor-element-f2b5cbb elementor-section-boxed elementor-section-height-default elementor-section-height-default\" data-id=\"f2b5cbb\" data-element_type=\"section\">\n\t\t\t\t\t\t<div class=\"elementor-container elementor-column-gap-default\">\n\t\t\t\t\t<div class=\"elementor-column elementor-col-50 elementor-top-column elementor-element elementor-element-508b331\" data-id=\"508b331\" data-element_type=\"column\">\n\t\t\t<div class=\"elementor-widget-wrap elementor-element-populated\">\n\t\t\t\t\t\t\t\t<div class=\"elementor-element elementor-element-0e5046e elementor-widget elementor-widget-heading\" data-id=\"0e5046e\" data-element_type=\"widget\" data-widget_type=\"heading.default\">\n\t\t\t\t<div class=\"elementor-widget-container\">\n\t\t\t<h2 class=\"elementor-heading-title elementor-size-default\">An introduction to Systems Thinking<\/h2>\t\t<\/div>\n\t\t\t\t<\/div>\n\t\t\t\t<div class=\"elementor-element elementor-element-8e8432a elementor-widget elementor-widget-heading\" data-id=\"8e8432a\" data-element_type=\"widget\" data-widget_type=\"heading.default\">\n\t\t\t\t<div class=\"elementor-widget-container\">\n\t\t\t<h3 class=\"elementor-heading-title elementor-size-default\">CHARLA<\/h3>\t\t<\/div>\n\t\t\t\t<\/div>\n\t\t\t\t<div class=\"elementor-element elementor-element-009e7f0 elementor-widget elementor-widget-text-editor\" data-id=\"009e7f0\" data-element_type=\"widget\" data-widget_type=\"text-editor.default\">\n\t\t\t\t<div class=\"elementor-widget-container\">\n\t\t\t\t\t\t\t<p>This session introduces Systems Thinking, an unconventional approach to understand and strengthen teams when collaboration gets stuck or becomes a recurring problem, impacting employee satisfaction and productivity, brought from the Netherlands, Europe. Save your spot.<\/p>\t\t\t\t\t\t<\/div>\n\t\t\t\t<\/div>\n\t\t\t\t<div class=\"elementor-element elementor-element-c8ba695 elementor-widget elementor-widget-text-editor\" data-id=\"c8ba695\" data-element_type=\"widget\" data-widget_type=\"text-editor.default\">\n\t\t\t\t<div class=\"elementor-widget-container\">\n\t\t\t\t\t\t\t<p>Facilitated by: Martin Smeets and el equipo.<\/p><p><strong data-start=\"0\" data-end=\"9\" data-is-only-node=\"\">Date:<\/strong> Thursday April 23<br data-start=\"21\" data-end=\"24\" \/><strong data-start=\"24\" data-end=\"33\">Time:<\/strong> 16:00 Hrs.<br data-start=\"48\" data-end=\"51\" \/><strong data-start=\"51\" data-end=\"64\">Location:<\/strong> El Cubo Center<br data-start=\"79\" data-end=\"82\" \/><strong data-start=\"82\" data-end=\"104\">Open to the public<\/strong><br data-start=\"104\" data-end=\"107\" \/>Free<br \/><b>Place: El Cubo Center<\/b><\/p>\t\t\t\t\t\t<\/div>\n\t\t\t\t<\/div>\n\t\t\t\t\t<\/div>\n\t\t<\/div>\n\t\t\t\t<div class=\"elementor-column elementor-col-50 elementor-top-column elementor-element elementor-element-768107a\" data-id=\"768107a\" data-element_type=\"column\">\n\t\t\t<div class=\"elementor-widget-wrap elementor-element-populated\">\n\t\t\t\t\t\t\t\t<div class=\"elementor-element elementor-element-d3a68a3 elementor-widget elementor-widget-image\" data-id=\"d3a68a3\" data-element_type=\"widget\" data-widget_type=\"image.default\">\n\t\t\t\t<div class=\"elementor-widget-container\">\n\t\t\t\t\t\t\t\t\t\t\t\t\t\t\t<img loading=\"lazy\" decoding=\"async\" width=\"791\" height=\"925\" src=\"https:\/\/elcubocenter.com\/wp-content\/uploads\/2026\/04\/Agenda-abril-web-03.png\" class=\"attachment-large size-large\" alt=\"\" \/>\t\t\t\t\t\t\t\t\t\t\t\t\t\t\t<\/div>\n\t\t\t\t<\/div>\n\t\t\t\t\t<\/div>\n\t\t<\/div>\n\t\t\t\t\t\t\t<\/div>\n\t\t<\/section>\n\t\t\t\t<section class=\"elementor-section elementor-top-section elementor-element elementor-element-cdb6ac5 elementor-section-boxed elementor-section-height-default elementor-section-height-default\" data-id=\"cdb6ac5\" data-element_type=\"section\">\n\t\t\t\t\t\t<div class=\"elementor-container elementor-column-gap-default\">\n\t\t\t\t\t<div class=\"elementor-column elementor-col-100 elementor-top-column elementor-element elementor-element-887906e\" data-id=\"887906e\" data-element_type=\"column\">\n\t\t\t<div class=\"elementor-widget-wrap\">\n\t\t\t\t\t\t\t\t\t<\/div>\n\t\t<\/div>\n\t\t\t\t\t\t\t<\/div>\n\t\t<\/section>\n\t\t\t\t<section class=\"elementor-section elementor-top-section elementor-element elementor-element-8d5fa57 elementor-section-boxed elementor-section-height-default elementor-section-height-default\" data-id=\"8d5fa57\" data-element_type=\"section\">\n\t\t\t\t\t\t<div class=\"elementor-container elementor-column-gap-default\">\n\t\t\t\t\t<div class=\"elementor-column elementor-col-50 elementor-top-column elementor-element elementor-element-a6ad6b4\" data-id=\"a6ad6b4\" data-element_type=\"column\">\n\t\t\t<div class=\"elementor-widget-wrap elementor-element-populated\">\n\t\t\t\t\t\t\t\t<div class=\"elementor-element elementor-element-13b8f3f elementor-widget elementor-widget-heading\" data-id=\"13b8f3f\" data-element_type=\"widget\" data-widget_type=\"heading.default\">\n\t\t\t\t<div class=\"elementor-widget-container\">\n\t\t\t<h2 class=\"elementor-heading-title elementor-size-default\">Running Club Kick Off<\/h2>\t\t<\/div>\n\t\t\t\t<\/div>\n\t\t\t\t<div class=\"elementor-element elementor-element-fd57832 elementor-widget elementor-widget-heading\" data-id=\"fd57832\" data-element_type=\"widget\" data-widget_type=\"heading.default\">\n\t\t\t\t<div class=\"elementor-widget-container\">\n\t\t\t<h3 class=\"elementor-heading-title elementor-size-default\">ACTIVIDAD<\/h3>\t\t<\/div>\n\t\t\t\t<\/div>\n\t\t\t\t<div class=\"elementor-element elementor-element-2b3e638 elementor-widget elementor-widget-text-editor\" data-id=\"2b3e638\" data-element_type=\"widget\" data-widget_type=\"text-editor.default\">\n\t\t\t\t<div class=\"elementor-widget-container\">\n\t\t\t\t\t\t\t<p>\u00bfQu\u00e9 tal si hoy decides empezar? Junto a Altura Athletics, damos inicio a este espacio para la cubonidad y quienes quieran sumarse a una comunidad activa, donde correr se convierte en una excusa para compartir y crear h\u00e1bitos que suman. \u00a1S\u00e9 parte de este nuevo comienzo! Te esperamos.<\/p>\t\t\t\t\t\t<\/div>\n\t\t\t\t<\/div>\n\t\t\t\t<div class=\"elementor-element elementor-element-7862ac8 elementor-widget elementor-widget-text-editor\" data-id=\"7862ac8\" data-element_type=\"widget\" data-widget_type=\"text-editor.default\">\n\t\t\t\t<div class=\"elementor-widget-container\">\n\t\t\t\t\t\t\t<p><strong data-start=\"0\" data-end=\"9\" data-is-only-node=\"\">Fecha:<\/strong> Martes 28 de abril<br data-start=\"21\" data-end=\"24\" \/><strong data-start=\"24\" data-end=\"33\">Hora:<\/strong> 16:00 Hrs.<br data-start=\"48\" data-end=\"51\" \/><strong data-start=\"82\" data-end=\"104\">Abierto al p\u00fablico<\/strong><br data-start=\"104\" data-end=\"107\" \/><b>Entrada gratuita<br \/>Lugar: El Cubo Center<\/b><\/p>\t\t\t\t\t\t<\/div>\n\t\t\t\t<\/div>\n\t\t\t\t\t<\/div>\n\t\t<\/div>\n\t\t\t\t<div class=\"elementor-column elementor-col-50 elementor-top-column elementor-element elementor-element-101cf67\" data-id=\"101cf67\" data-element_type=\"column\">\n\t\t\t<div class=\"elementor-widget-wrap elementor-element-populated\">\n\t\t\t\t\t\t\t\t<div class=\"elementor-element elementor-element-2deafa1 elementor-widget elementor-widget-image\" data-id=\"2deafa1\" data-element_type=\"widget\" data-widget_type=\"image.default\">\n\t\t\t\t<div class=\"elementor-widget-container\">\n\t\t\t\t\t\t\t\t\t\t\t\t\t\t\t<img loading=\"lazy\" decoding=\"async\" width=\"791\" height=\"925\" src=\"https:\/\/elcubocenter.com\/wp-content\/uploads\/2026\/04\/Agenda-abril-web-04.png\" class=\"attachment-large size-large\" alt=\"\" \/>\t\t\t\t\t\t\t\t\t\t\t\t\t\t\t<\/div>\n\t\t\t\t<\/div>\n\t\t\t\t\t<\/div>\n\t\t<\/div>\n\t\t\t\t\t\t\t<\/div>\n\t\t<\/section>\n\t\t\t\t\t\t<\/div>\n\t\t\t\t\t<\/div>","protected":false},"excerpt":{"rendered":"<p>Actividades abril Humanhood: Sync CLASE Experience HUMANHOOD for the first time in Guatemala, an immersive movement practice designed to access connection with body, breath, flow and ease. Created for all bodies and backgrounds. A space for discovery and movement for life. Date: Wednesday April 8Time: 17:15 \u2013 18:30 Hrs.Location: El Cubo CenterOpen to the publicFee: [&hellip;]<\/p>","protected":false},"author":1,"featured_media":0,"parent":0,"menu_order":0,"comment_status":"closed","ping_status":"closed","template":"elementor_canvas","meta":{"footnotes":""},"class_list":["post-3085","page","type-page","status-publish","hentry"],"_links":{"self":[{"href":"https:\/\/elcubocenter.com\/en\/wp-json\/wp\/v2\/pages\/3085","targetHints":{"allow":["GET"]}}],"collection":[{"href":"https:\/\/elcubocenter.com\/en\/wp-json\/wp\/v2\/pages"}],"about":[{"href":"https:\/\/elcubocenter.com\/en\/wp-json\/wp\/v2\/types\/page"}],"author":[{"embeddable":true,"href":"https:\/\/elcubocenter.com\/en\/wp-json\/wp\/v2\/users\/1"}],"replies":[{"embeddable":true,"href":"https:\/\/elcubocenter.com\/en\/wp-json\/wp\/v2\/comments?post=3085"}],"version-history":[{"count":277,"href":"https:\/\/elcubocenter.com\/en\/wp-json\/wp\/v2\/pages\/3085\/revisions"}],"predecessor-version":[{"id":6283,"href":"https:\/\/elcubocenter.com\/en\/wp-json\/wp\/v2\/pages\/3085\/revisions\/6283"}],"wp:attachment":[{"href":"https:\/\/elcubocenter.com\/en\/wp-json\/wp\/v2\/media?parent=3085"}],"curies":[{"name":"wp","href":"https:\/\/api.w.org\/{rel}","templated":true}]}}