{"id":767,"date":"2021-12-02T18:37:07","date_gmt":"2021-12-03T00:37:07","guid":{"rendered":"https:\/\/dev-cubo-sw.pantheonsite.io\/?page_id=767"},"modified":"2022-02-12T11:58:20","modified_gmt":"2022-02-12T17:58:20","slug":"agendar","status":"publish","type":"page","link":"https:\/\/elcubocenter.com\/en\/agendar\/","title":{"rendered":"Agendar"},"content":{"rendered":"<style>\/*! elementor - v3.5.0 - 12-12-2021 *\/<br \/>\n.elementor-heading-title{padding:0;margin:0;line-height:1}.elementor-widget-heading .elementor-heading-title[class*=elementor-size-]>a{color:inherit;font-size:inherit;line-height:inherit}.elementor-widget-heading .elementor-heading-title.elementor-size-small{font-size:15px}.elementor-widget-heading .elementor-heading-title.elementor-size-medium{font-size:19px}.elementor-widget-heading .elementor-heading-title.elementor-size-large{font-size:29px}.elementor-widget-heading .elementor-heading-title.elementor-size-xl{font-size:39px}.elementor-widget-heading .elementor-heading-title.elementor-size-xxl{font-size:59px}<\/style>\n<h2>&#8230;<\/h2>\n<style>\/*! elementor - v3.5.0 - 12-12-2021 *\/<br \/>\n.elementor-widget-image{text-align:center}.elementor-widget-image a{display:inline-block}.elementor-widget-image a img[src$=\".svg\"]{width:48px}.elementor-widget-image img{vertical-align:middle;display:inline-block}<\/style>\n<p>\t\t\t\t\t\t\t\t\t\t\t\t<img decoding=\"async\" width=\"81\" height=\"7\" src=\"https:\/\/dev-cubo-sw.pantheonsite.io\/wp-content\/uploads\/2021\/11\/Rectangle-533-copy.png\" alt=\"\" loading=\"lazy\"><\/p>\n<h2>Agenda con<br \/>\nnosotros<\/h2>\n<p>El espacio ser\u00e1 reservado en el momento en que se efect\u00fae el pago.<\/p>\n<p><strong>Debes comunicarte al n\u00famero <a href=\"tel:50230933699\">+502 3093-3699<\/a><br \/>\n<\/strong>para brindarte la informaci\u00f3n final.<\/p>","protected":false},"excerpt":{"rendered":"<p>&#8230; Agenda con nosotros El espacio ser\u00e1 reservado en el momento en que se efect\u00fae el pago. Debes comunicarte al n\u00famero +502 3093-3699 para brindarte la informaci\u00f3n final.<\/p>","protected":false},"author":1,"featured_media":0,"parent":0,"menu_order":0,"comment_status":"closed","ping_status":"closed","template":"elementor_canvas","meta":{"footnotes":""},"class_list":["post-767","page","type-page","status-publish","hentry"],"_links":{"self":[{"href":"https:\/\/elcubocenter.com\/en\/wp-json\/wp\/v2\/pages\/767","targetHints":{"allow":["GET"]}}],"collection":[{"href":"https:\/\/elcubocenter.com\/en\/wp-json\/wp\/v2\/pages"}],"about":[{"href":"https:\/\/elcubocenter.com\/en\/wp-json\/wp\/v2\/types\/page"}],"author":[{"embeddable":true,"href":"https:\/\/elcubocenter.com\/en\/wp-json\/wp\/v2\/users\/1"}],"replies":[{"embeddable":true,"href":"https:\/\/elcubocenter.com\/en\/wp-json\/wp\/v2\/comments?post=767"}],"version-history":[{"count":0,"href":"https:\/\/elcubocenter.com\/en\/wp-json\/wp\/v2\/pages\/767\/revisions"}],"wp:attachment":[{"href":"https:\/\/elcubocenter.com\/en\/wp-json\/wp\/v2\/media?parent=767"}],"curies":[{"name":"wp","href":"https:\/\/api.w.org\/{rel}","templated":true}]}}